{"id":21,"date":"2024-11-01T07:34:42","date_gmt":"2024-11-01T07:34:42","guid":{"rendered":"https:\/\/www.gangalandia.es\/?page_id=21"},"modified":"2024-11-01T21:13:38","modified_gmt":"2024-11-01T21:13:38","slug":"quienes-somos","status":"publish","type":"page","link":"https:\/\/www.gangalandia.es\/index.php\/quienes-somos\/","title":{"rendered":"QUIENES SOMOS"},"content":{"rendered":"<p>Muchas veces, es dif\u00edcil poder hacerse una idea de lo que hay detr\u00e1s de una web.<\/p><p>En el caso de Ganga Landia, es una empresa ideada con mucho cari\u00f1o y entusiasmo, donde hay un grupo de personas que trabajan duro para que todo el proceso, desde la b\u00fasqueda de tendencias, proveedores y fabricantes, hasta que la entrega final a nuestros clientes de los productos sea perfecta.<\/p><p>Todo empieza cuando tras analizar tendencias, asistencias a ferias, reuniones con proveedores y opiniones de nuestros clientes, se inicia el proceso de b\u00fasqueda y dise\u00f1o de nuestros productos a proveedores y fabricantes, para poder aportar a nuestros clientes la mejor calidad-precio.<\/p><p><\/p><p><\/p>","protected":false},"excerpt":{"rendered":"<p>Muchas veces, es dif\u00edcil poder hacerse una idea de lo que hay detr\u00e1s de una web. En el caso de Ganga Landia, es una empresa ideada con mucho cari\u00f1o y entusiasmo, donde hay un grupo de personas que trabajan duro para que todo el proceso, desde la b\u00fasqueda de tendencias, proveedores y fabricantes, hasta que &#8230; <a title=\"QUIENES SOMOS\" class=\"read-more\" href=\"https:\/\/www.gangalandia.es\/index.php\/quienes-somos\/\" aria-label=\"Leer m\u00e1s sobre QUIENES SOMOS\">Leer m\u00e1s<\/a><\/p>\n","protected":false},"author":1,"featured_media":0,"parent":0,"menu_order":0,"comment_status":"closed","ping_status":"closed","template":"","meta":{"footnotes":""},"class_list":["post-21","page","type-page","status-publish"],"yoast_head":"<!-- This site is optimized with the Yoast SEO plugin v23.8 - https:\/\/yoast.com\/wordpress\/plugins\/seo\/ -->\n<title>QUIENES SOMOS - Gangalandia<\/title>\n<meta name=\"robots\" content=\"index, follow, max-snippet:-1, max-image-preview:large, max-video-preview:-1\" \/>\n<link rel=\"canonical\" href=\"https:\/\/www.gangalandia.es\/index.php\/quienes-somos\/\" \/>\n<meta property=\"og:locale\" content=\"es_ES\" \/>\n<meta property=\"og:type\" content=\"article\" \/>\n<meta property=\"og:title\" content=\"QUIENES SOMOS - Gangalandia\" \/>\n<meta property=\"og:description\" content=\"Muchas veces, es dif\u00edcil poder hacerse una idea de lo que hay detr\u00e1s de una web. En el caso de Ganga Landia, es una empresa ideada con mucho cari\u00f1o y entusiasmo, donde hay un grupo de personas que trabajan duro para que todo el proceso, desde la b\u00fasqueda de tendencias, proveedores y fabricantes, hasta que ... Leer m\u00e1s\" \/>\n<meta property=\"og:url\" content=\"https:\/\/www.gangalandia.es\/index.php\/quienes-somos\/\" \/>\n<meta property=\"og:site_name\" content=\"Gangalandia\" \/>\n<meta property=\"article:modified_time\" content=\"2024-11-01T21:13:38+00:00\" \/>\n<meta name=\"twitter:card\" content=\"summary_large_image\" \/>\n<meta name=\"twitter:label1\" content=\"Tiempo de lectura\" \/>\n\t<meta name=\"twitter:data1\" content=\"1 minuto\" \/>\n<script type=\"application\/ld+json\" class=\"yoast-schema-graph\">{\"@context\":\"https:\/\/schema.org\",\"@graph\":[{\"@type\":\"WebPage\",\"@id\":\"https:\/\/www.gangalandia.es\/index.php\/quienes-somos\/\",\"url\":\"https:\/\/www.gangalandia.es\/index.php\/quienes-somos\/\",\"name\":\"QUIENES SOMOS - Gangalandia\",\"isPartOf\":{\"@id\":\"https:\/\/www.gangalandia.es\/#website\"},\"datePublished\":\"2024-11-01T07:34:42+00:00\",\"dateModified\":\"2024-11-01T21:13:38+00:00\",\"breadcrumb\":{\"@id\":\"https:\/\/www.gangalandia.es\/index.php\/quienes-somos\/#breadcrumb\"},\"inLanguage\":\"es\",\"potentialAction\":[{\"@type\":\"ReadAction\",\"target\":[\"https:\/\/www.gangalandia.es\/index.php\/quienes-somos\/\"]}]},{\"@type\":\"BreadcrumbList\",\"@id\":\"https:\/\/www.gangalandia.es\/index.php\/quienes-somos\/#breadcrumb\",\"itemListElement\":[{\"@type\":\"ListItem\",\"position\":1,\"name\":\"Portada\",\"item\":\"https:\/\/www.gangalandia.es\/\"},{\"@type\":\"ListItem\",\"position\":2,\"name\":\"QUIENES SOMOS\"}]},{\"@type\":\"WebSite\",\"@id\":\"https:\/\/www.gangalandia.es\/#website\",\"url\":\"https:\/\/www.gangalandia.es\/\",\"name\":\"Gangalandia\",\"description\":\"Tienda online de hogar muebles auxiliares, menaje, textil.\",\"publisher\":{\"@id\":\"https:\/\/www.gangalandia.es\/#organization\"},\"potentialAction\":[{\"@type\":\"SearchAction\",\"target\":{\"@type\":\"EntryPoint\",\"urlTemplate\":\"https:\/\/www.gangalandia.es\/?s={search_term_string}\"},\"query-input\":{\"@type\":\"PropertyValueSpecification\",\"valueRequired\":true,\"valueName\":\"search_term_string\"}}],\"inLanguage\":\"es\"},{\"@type\":\"Organization\",\"@id\":\"https:\/\/www.gangalandia.es\/#organization\",\"name\":\"Gangalandia\",\"url\":\"https:\/\/www.gangalandia.es\/\",\"logo\":{\"@type\":\"ImageObject\",\"inLanguage\":\"es\",\"@id\":\"https:\/\/www.gangalandia.es\/#\/schema\/logo\/image\/\",\"url\":\"https:\/\/www.gangalandia.es\/wp-content\/uploads\/2024\/11\/cropped-sss.png\",\"contentUrl\":\"https:\/\/www.gangalandia.es\/wp-content\/uploads\/2024\/11\/cropped-sss.png\",\"width\":485,\"height\":268,\"caption\":\"Gangalandia\"},\"image\":{\"@id\":\"https:\/\/www.gangalandia.es\/#\/schema\/logo\/image\/\"}}]}<\/script>\n<!-- \/ Yoast SEO plugin. -->","yoast_head_json":{"title":"QUIENES SOMOS - Gangalandia","robots":{"index":"index","follow":"follow","max-snippet":"max-snippet:-1","max-image-preview":"max-image-preview:large","max-video-preview":"max-video-preview:-1"},"canonical":"https:\/\/www.gangalandia.es\/index.php\/quienes-somos\/","og_locale":"es_ES","og_type":"article","og_title":"QUIENES SOMOS - Gangalandia","og_description":"Muchas veces, es dif\u00edcil poder hacerse una idea de lo que hay detr\u00e1s de una web. En el caso de Ganga Landia, es una empresa ideada con mucho cari\u00f1o y entusiasmo, donde hay un grupo de personas que trabajan duro para que todo el proceso, desde la b\u00fasqueda de tendencias, proveedores y fabricantes, hasta que ... Leer m\u00e1s","og_url":"https:\/\/www.gangalandia.es\/index.php\/quienes-somos\/","og_site_name":"Gangalandia","article_modified_time":"2024-11-01T21:13:38+00:00","twitter_card":"summary_large_image","twitter_misc":{"Tiempo de lectura":"1 minuto"},"schema":{"@context":"https:\/\/schema.org","@graph":[{"@type":"WebPage","@id":"https:\/\/www.gangalandia.es\/index.php\/quienes-somos\/","url":"https:\/\/www.gangalandia.es\/index.php\/quienes-somos\/","name":"QUIENES SOMOS - Gangalandia","isPartOf":{"@id":"https:\/\/www.gangalandia.es\/#website"},"datePublished":"2024-11-01T07:34:42+00:00","dateModified":"2024-11-01T21:13:38+00:00","breadcrumb":{"@id":"https:\/\/www.gangalandia.es\/index.php\/quienes-somos\/#breadcrumb"},"inLanguage":"es","potentialAction":[{"@type":"ReadAction","target":["https:\/\/www.gangalandia.es\/index.php\/quienes-somos\/"]}]},{"@type":"BreadcrumbList","@id":"https:\/\/www.gangalandia.es\/index.php\/quienes-somos\/#breadcrumb","itemListElement":[{"@type":"ListItem","position":1,"name":"Portada","item":"https:\/\/www.gangalandia.es\/"},{"@type":"ListItem","position":2,"name":"QUIENES SOMOS"}]},{"@type":"WebSite","@id":"https:\/\/www.gangalandia.es\/#website","url":"https:\/\/www.gangalandia.es\/","name":"Gangalandia","description":"Tienda online de hogar muebles auxiliares, menaje, textil.","publisher":{"@id":"https:\/\/www.gangalandia.es\/#organization"},"potentialAction":[{"@type":"SearchAction","target":{"@type":"EntryPoint","urlTemplate":"https:\/\/www.gangalandia.es\/?s={search_term_string}"},"query-input":{"@type":"PropertyValueSpecification","valueRequired":true,"valueName":"search_term_string"}}],"inLanguage":"es"},{"@type":"Organization","@id":"https:\/\/www.gangalandia.es\/#organization","name":"Gangalandia","url":"https:\/\/www.gangalandia.es\/","logo":{"@type":"ImageObject","inLanguage":"es","@id":"https:\/\/www.gangalandia.es\/#\/schema\/logo\/image\/","url":"https:\/\/www.gangalandia.es\/wp-content\/uploads\/2024\/11\/cropped-sss.png","contentUrl":"https:\/\/www.gangalandia.es\/wp-content\/uploads\/2024\/11\/cropped-sss.png","width":485,"height":268,"caption":"Gangalandia"},"image":{"@id":"https:\/\/www.gangalandia.es\/#\/schema\/logo\/image\/"}}]}},"_links":{"self":[{"href":"https:\/\/www.gangalandia.es\/index.php\/wp-json\/wp\/v2\/pages\/21","targetHints":{"allow":["GET"]}}],"collection":[{"href":"https:\/\/www.gangalandia.es\/index.php\/wp-json\/wp\/v2\/pages"}],"about":[{"href":"https:\/\/www.gangalandia.es\/index.php\/wp-json\/wp\/v2\/types\/page"}],"author":[{"embeddable":true,"href":"https:\/\/www.gangalandia.es\/index.php\/wp-json\/wp\/v2\/users\/1"}],"replies":[{"embeddable":true,"href":"https:\/\/www.gangalandia.es\/index.php\/wp-json\/wp\/v2\/comments?post=21"}],"version-history":[{"count":3,"href":"https:\/\/www.gangalandia.es\/index.php\/wp-json\/wp\/v2\/pages\/21\/revisions"}],"predecessor-version":[{"id":102,"href":"https:\/\/www.gangalandia.es\/index.php\/wp-json\/wp\/v2\/pages\/21\/revisions\/102"}],"wp:attachment":[{"href":"https:\/\/www.gangalandia.es\/index.php\/wp-json\/wp\/v2\/media?parent=21"}],"curies":[{"name":"wp","href":"https:\/\/api.w.org\/{rel}","templated":true}]}}