{"id":23,"date":"2024-11-01T07:37:31","date_gmt":"2024-11-01T07:37:31","guid":{"rendered":"https:\/\/www.gangalandia.es\/?page_id=23"},"modified":"2024-11-01T11:15:06","modified_gmt":"2024-11-01T11:15:06","slug":"contacto","status":"publish","type":"page","link":"https:\/\/www.gangalandia.es\/index.php\/contacto\/","title":{"rendered":"CONTACTO"},"content":{"rendered":"<div class=\"everest-forms\"><div class=\"evf-container default\" id=\"evf-77\"><form id=\"evf-form-77\" class=\"everest-form\" data-formid=\"77\" data-ajax_submission=\"0\" data-keyboard_friendly_form=\"0\" method=\"post\" enctype=\"multipart\/form-data\" action=\"\/index.php\/wp-json\/wp\/v2\/pages\/23\"><div class=\"evf-field-container\"><input type=\"hidden\" id=\"_wpnonce77\" name=\"_wpnonce77\" value=\"4de8308601\" \/><input type=\"hidden\" name=\"_wp_http_referer\" value=\"\/index.php\/wp-json\/wp\/v2\/pages\/23\" \/><div class=\"evf-frontend-row\" data-row=\"row_1\" conditional_rules=\"[]\"><div class=\"evf-frontend-grid evf-grid-1\" data-grid=\"grid_1\"><div id=\"evf-77-field_fullname-container\" class=\"evf-field evf-field-text form-row validate-required\" data-required-field-message=\"Este campo es obligatorio.\" data-field-id=\"fullname\"><label class=\"evf-field-label\" for=\"evf-77-field_fullname\"><span class=\"evf-label\">Nombre<\/span> <abbr class=\"required\" title=\"Obligatorio\">*<\/abbr><\/label><input type=\"text\" id=\"evf-77-field_fullname\" class=\"input-text\" name=\"everest_forms[form_fields][fullname]\" required><\/div><div id=\"evf-77-field_email-container\" class=\"evf-field evf-field-email form-row validate-required validate-email\" data-required-field-message=\"Por favor, introduce una direcci\u00f3n de correo electr\u00f3nico v\u00e1lida.\" data-field-id=\"email\"><label class=\"evf-field-label\" for=\"evf-77-field_email\"><span class=\"evf-label\">Email<\/span> <abbr class=\"required\" title=\"Obligatorio\">*<\/abbr><\/label><input type=\"email\" id=\"evf-77-field_email\" class=\"input-text\" name=\"everest_forms[form_fields][email]\" required ><\/div><div id=\"evf-77-field_subject-container\" class=\"evf-field evf-field-text form-row validate-required\" data-required-field-message=\"Este campo es obligatorio.\" data-field-id=\"subject\"><label class=\"evf-field-label\" for=\"evf-77-field_subject\"><span class=\"evf-label\">Subject<\/span> <abbr class=\"required\" title=\"Obligatorio\">*<\/abbr><\/label><input type=\"text\" id=\"evf-77-field_subject\" class=\"input-text\" name=\"everest_forms[form_fields][subject]\" required><\/div><div id=\"evf-77-field_message-container\" class=\"evf-field evf-field-textarea form-row\" data-field-id=\"message\"><label class=\"evf-field-label\" for=\"evf-77-field_message\"><span class=\"evf-label\">Message<\/span> <\/label><textarea id=\"evf-77-field_message\" class=\"input-text\" name=\"everest_forms[form_fields][message]\"  ><\/textarea><\/div><\/div><\/div><\/div><div class=\"evf-honeypot-container evf-field-hp\"><label for=\"evf-77-field-hp\" class=\"evf-field-label\">Phone<\/label><input type=\"text\" name=\"everest_forms[hp]\" id=\"evf-77-field-hp\" class=\"input-text\"><\/div><div class=\"evf-submit-container \" ><input type=\"hidden\" name=\"everest_forms[id]\" value=\"77\"><input type=\"hidden\" name=\"everest_forms[author]\" value=\"1\"><button type='submit' name='everest_forms[submit]' class='everest-forms-submit-button button evf-submit ' id='evf-submit-77' value='evf-submit' data-process-text=\"Procesando...\" conditional_rules='&quot;&quot;' conditional_id='evf-submit-77'  id=\"evf-submit-77\" aria-live=\"assertive\">Enviar<\/button><\/div><\/form><\/div><!-- .evf-container --><\/div>","protected":false},"excerpt":{"rendered":"","protected":false},"author":1,"featured_media":0,"parent":0,"menu_order":0,"comment_status":"closed","ping_status":"closed","template":"","meta":{"footnotes":""},"class_list":["post-23","page","type-page","status-publish"],"yoast_head":"<!-- This site is optimized with the Yoast SEO plugin v23.8 - https:\/\/yoast.com\/wordpress\/plugins\/seo\/ -->\n<title>CONTACTO - Gangalandia<\/title>\n<meta name=\"robots\" content=\"index, follow, max-snippet:-1, max-image-preview:large, max-video-preview:-1\" \/>\n<link rel=\"canonical\" href=\"https:\/\/www.gangalandia.es\/index.php\/contacto\/\" \/>\n<meta property=\"og:locale\" content=\"es_ES\" \/>\n<meta property=\"og:type\" content=\"article\" \/>\n<meta property=\"og:title\" content=\"CONTACTO - Gangalandia\" \/>\n<meta property=\"og:url\" content=\"https:\/\/www.gangalandia.es\/index.php\/contacto\/\" \/>\n<meta property=\"og:site_name\" content=\"Gangalandia\" \/>\n<meta property=\"article:modified_time\" content=\"2024-11-01T11:15:06+00:00\" \/>\n<meta name=\"twitter:card\" content=\"summary_large_image\" \/>\n<script type=\"application\/ld+json\" class=\"yoast-schema-graph\">{\"@context\":\"https:\/\/schema.org\",\"@graph\":[{\"@type\":\"WebPage\",\"@id\":\"https:\/\/www.gangalandia.es\/index.php\/contacto\/\",\"url\":\"https:\/\/www.gangalandia.es\/index.php\/contacto\/\",\"name\":\"CONTACTO - Gangalandia\",\"isPartOf\":{\"@id\":\"https:\/\/www.gangalandia.es\/#website\"},\"datePublished\":\"2024-11-01T07:37:31+00:00\",\"dateModified\":\"2024-11-01T11:15:06+00:00\",\"breadcrumb\":{\"@id\":\"https:\/\/www.gangalandia.es\/index.php\/contacto\/#breadcrumb\"},\"inLanguage\":\"es\",\"potentialAction\":[{\"@type\":\"ReadAction\",\"target\":[\"https:\/\/www.gangalandia.es\/index.php\/contacto\/\"]}]},{\"@type\":\"BreadcrumbList\",\"@id\":\"https:\/\/www.gangalandia.es\/index.php\/contacto\/#breadcrumb\",\"itemListElement\":[{\"@type\":\"ListItem\",\"position\":1,\"name\":\"Portada\",\"item\":\"https:\/\/www.gangalandia.es\/\"},{\"@type\":\"ListItem\",\"position\":2,\"name\":\"CONTACTO\"}]},{\"@type\":\"WebSite\",\"@id\":\"https:\/\/www.gangalandia.es\/#website\",\"url\":\"https:\/\/www.gangalandia.es\/\",\"name\":\"Gangalandia\",\"description\":\"Tienda online de hogar muebles auxiliares, menaje, textil.\",\"publisher\":{\"@id\":\"https:\/\/www.gangalandia.es\/#organization\"},\"potentialAction\":[{\"@type\":\"SearchAction\",\"target\":{\"@type\":\"EntryPoint\",\"urlTemplate\":\"https:\/\/www.gangalandia.es\/?s={search_term_string}\"},\"query-input\":{\"@type\":\"PropertyValueSpecification\",\"valueRequired\":true,\"valueName\":\"search_term_string\"}}],\"inLanguage\":\"es\"},{\"@type\":\"Organization\",\"@id\":\"https:\/\/www.gangalandia.es\/#organization\",\"name\":\"Gangalandia\",\"url\":\"https:\/\/www.gangalandia.es\/\",\"logo\":{\"@type\":\"ImageObject\",\"inLanguage\":\"es\",\"@id\":\"https:\/\/www.gangalandia.es\/#\/schema\/logo\/image\/\",\"url\":\"https:\/\/www.gangalandia.es\/wp-content\/uploads\/2024\/11\/cropped-sss.png\",\"contentUrl\":\"https:\/\/www.gangalandia.es\/wp-content\/uploads\/2024\/11\/cropped-sss.png\",\"width\":485,\"height\":268,\"caption\":\"Gangalandia\"},\"image\":{\"@id\":\"https:\/\/www.gangalandia.es\/#\/schema\/logo\/image\/\"}}]}<\/script>\n<!-- \/ Yoast SEO plugin. -->","yoast_head_json":{"title":"CONTACTO - Gangalandia","robots":{"index":"index","follow":"follow","max-snippet":"max-snippet:-1","max-image-preview":"max-image-preview:large","max-video-preview":"max-video-preview:-1"},"canonical":"https:\/\/www.gangalandia.es\/index.php\/contacto\/","og_locale":"es_ES","og_type":"article","og_title":"CONTACTO - Gangalandia","og_url":"https:\/\/www.gangalandia.es\/index.php\/contacto\/","og_site_name":"Gangalandia","article_modified_time":"2024-11-01T11:15:06+00:00","twitter_card":"summary_large_image","schema":{"@context":"https:\/\/schema.org","@graph":[{"@type":"WebPage","@id":"https:\/\/www.gangalandia.es\/index.php\/contacto\/","url":"https:\/\/www.gangalandia.es\/index.php\/contacto\/","name":"CONTACTO - Gangalandia","isPartOf":{"@id":"https:\/\/www.gangalandia.es\/#website"},"datePublished":"2024-11-01T07:37:31+00:00","dateModified":"2024-11-01T11:15:06+00:00","breadcrumb":{"@id":"https:\/\/www.gangalandia.es\/index.php\/contacto\/#breadcrumb"},"inLanguage":"es","potentialAction":[{"@type":"ReadAction","target":["https:\/\/www.gangalandia.es\/index.php\/contacto\/"]}]},{"@type":"BreadcrumbList","@id":"https:\/\/www.gangalandia.es\/index.php\/contacto\/#breadcrumb","itemListElement":[{"@type":"ListItem","position":1,"name":"Portada","item":"https:\/\/www.gangalandia.es\/"},{"@type":"ListItem","position":2,"name":"CONTACTO"}]},{"@type":"WebSite","@id":"https:\/\/www.gangalandia.es\/#website","url":"https:\/\/www.gangalandia.es\/","name":"Gangalandia","description":"Tienda online de hogar muebles auxiliares, menaje, textil.","publisher":{"@id":"https:\/\/www.gangalandia.es\/#organization"},"potentialAction":[{"@type":"SearchAction","target":{"@type":"EntryPoint","urlTemplate":"https:\/\/www.gangalandia.es\/?s={search_term_string}"},"query-input":{"@type":"PropertyValueSpecification","valueRequired":true,"valueName":"search_term_string"}}],"inLanguage":"es"},{"@type":"Organization","@id":"https:\/\/www.gangalandia.es\/#organization","name":"Gangalandia","url":"https:\/\/www.gangalandia.es\/","logo":{"@type":"ImageObject","inLanguage":"es","@id":"https:\/\/www.gangalandia.es\/#\/schema\/logo\/image\/","url":"https:\/\/www.gangalandia.es\/wp-content\/uploads\/2024\/11\/cropped-sss.png","contentUrl":"https:\/\/www.gangalandia.es\/wp-content\/uploads\/2024\/11\/cropped-sss.png","width":485,"height":268,"caption":"Gangalandia"},"image":{"@id":"https:\/\/www.gangalandia.es\/#\/schema\/logo\/image\/"}}]}},"_links":{"self":[{"href":"https:\/\/www.gangalandia.es\/index.php\/wp-json\/wp\/v2\/pages\/23","targetHints":{"allow":["GET"]}}],"collection":[{"href":"https:\/\/www.gangalandia.es\/index.php\/wp-json\/wp\/v2\/pages"}],"about":[{"href":"https:\/\/www.gangalandia.es\/index.php\/wp-json\/wp\/v2\/types\/page"}],"author":[{"embeddable":true,"href":"https:\/\/www.gangalandia.es\/index.php\/wp-json\/wp\/v2\/users\/1"}],"replies":[{"embeddable":true,"href":"https:\/\/www.gangalandia.es\/index.php\/wp-json\/wp\/v2\/comments?post=23"}],"version-history":[{"count":2,"href":"https:\/\/www.gangalandia.es\/index.php\/wp-json\/wp\/v2\/pages\/23\/revisions"}],"predecessor-version":[{"id":78,"href":"https:\/\/www.gangalandia.es\/index.php\/wp-json\/wp\/v2\/pages\/23\/revisions\/78"}],"wp:attachment":[{"href":"https:\/\/www.gangalandia.es\/index.php\/wp-json\/wp\/v2\/media?parent=23"}],"curies":[{"name":"wp","href":"https:\/\/api.w.org\/{rel}","templated":true}]}}